{"id":501,"date":"2022-02-21T12:45:14","date_gmt":"2022-02-21T12:45:14","guid":{"rendered":"https:\/\/dundunmexico.com\/contact\/"},"modified":"2024-06-20T18:41:11","modified_gmt":"2024-06-20T18:41:11","slug":"contacto","status":"publish","type":"page","link":"https:\/\/dundunmexico.com\/inicio\/contacto\/","title":{"rendered":"Contacto"},"content":{"rendered":"\n<div class=\"wp-block-uagb-container uagb-block-ffc1542d alignfull uagb-is-root-container\"><div class=\"uagb-container-inner-blocks-wrap\">\n<div class=\"wp-block-uagb-advanced-heading uagb-block-bdd64c41\"><h1 class=\"uagb-heading-text\">Cont\u00c1CTANOS<\/h1><\/div>\n<\/div><\/div>\n\n\n\n<div class=\"wp-block-uagb-container uagb-block-7dc9cc23 alignfull uagb-is-root-container\"><div class=\"uagb-container-inner-blocks-wrap\">\n<div class=\"wp-block-uagb-advanced-heading uagb-block-a5786f19\"><h3 class=\"uagb-heading-text\">Matriz de Distribuci\u00f3n<\/h3><\/div>\n\n\n\n<div class=\"wp-block-uagb-advanced-heading uagb-block-d01f1652\"><h2 class=\"uagb-heading-text\">Contacto Directo<\/h2><\/div>\n\n\n\n<div class=\"wp-block-uagb-container uagb-block-d6700654\">\n<div class=\"wp-block-uagb-container uagb-block-1fff6dde\">\n<div class=\"wp-block-uagb-advanced-heading uagb-block-08cb741b\"><h3 class=\"uagb-heading-text\">L\u00e9on &#8211; CEDIS<\/h3><\/div>\n\n\n\n<div class=\"wp-block-uagb-advanced-heading uagb-block-5d192c3e\"><h4 class=\"uagb-heading-text\">Direcci\u00f3n:<\/h4><p class=\"uagb-desc-text\">Camino de la presa 1004, bodega 6, Col. La Herradura 37170 Le\u00f3n, M\u00e9xico<\/p><\/div>\n\n\n\n<div class=\"wp-block-uagb-advanced-heading uagb-block-1281e7c8\"><h4 class=\"uagb-heading-text\">Tel\u00e9fonos:<\/h4><p class=\"uagb-desc-text\">+52 (477) 755 0404<br>+52 (477) 737 8999<\/p><\/div>\n\n\n\n<div class=\"wp-block-uagb-advanced-heading uagb-block-177bb471\"><h4 class=\"uagb-heading-text\">Email:<\/h4><p class=\"uagb-desc-text\">contacto@dundunmexico.com<br>rvazquez@dundunmexico.com<\/p><\/div>\n<\/div>\n\n\n\n<div class=\"wp-block-uagb-container uagb-block-c4b336b9\">\t\t\t<div \n\t\t\tclass=\"wp-block-uagb-google-map uagb-google-map__wrap uagb-block-22a9c63a     \"\n\t\t\tstyle=\"\" >\n\t\t\t\t<embed\n\t\t\t\t\tclass=\"uagb-google-map__iframe\"\n\t\t\t\t\ttitle=\"Google Map for \"\n\t\t\t\t\tsrc=\"https:\/\/maps.google.com\/maps?q=Cam.%20a%20La%20Presa%201004%2C%20El%20Rosario%2C%2037170%20Le%C3%B3n%20de%20los%20Aldama%2C%20Gto.&#038;z=12&#038;hl=en&#038;t=m&#038;output=embed&#038;iwloc=near\"\n\t\t\t\t\twidth=\"640\"\n\t\t\t\t\theight=\"475\"\n\t\t\t\t\tloading=\"lazy\"\n\t\t\t\t><\/embed>\n\t\t\t<\/div>\n\t\t\t<\/div>\n<\/div>\n\n\n\n<div class=\"wp-block-uagb-container uagb-block-2eea0b8c\">\n<div class=\"wp-block-uagb-advanced-heading uagb-block-77b18757\"><h2 class=\"uagb-heading-text\">Agenda una demostraci\u00f3n de producto<br>sin costo.<\/h2><\/div>\n\n\n<div class=\"wpforms-container wpforms-block wpforms-block-f5892fe6-288a-4962-82bd-a6815f753bdb\" id=\"wpforms-2132\"><form id=\"wpforms-form-2132\" class=\"wpforms-validate wpforms-form wpforms-ajax-form\" data-formid=\"2132\" method=\"post\" enctype=\"multipart\/form-data\" action=\"\/inicio\/wp-json\/wp\/v2\/pages\/501\" data-token=\"888252d9fdedee1e85191ebaef937476\" data-token-time=\"1778975876\"><noscript class=\"wpforms-error-noscript\">Por favor, activa JavaScript en tu navegador para completar este formulario.<\/noscript><div class=\"wpforms-field-container\"><div id=\"wpforms-2132-field_1-container\" class=\"wpforms-field wpforms-field-name\" data-field-id=\"1\"><label class=\"wpforms-field-label\">Nombre <span class=\"wpforms-required-label\">*<\/span><\/label><div class=\"wpforms-field-row wpforms-field-medium\"><div class=\"wpforms-field-row-block wpforms-first wpforms-one-half\"><input type=\"text\" id=\"wpforms-2132-field_1\" class=\"wpforms-field-name-first wpforms-field-required\" name=\"wpforms[fields][1][first]\" required><label for=\"wpforms-2132-field_1\" class=\"wpforms-field-sublabel after\">Nombre<\/label><\/div><div class=\"wpforms-field-row-block wpforms-one-half\"><input type=\"text\" id=\"wpforms-2132-field_1-last\" class=\"wpforms-field-name-last wpforms-field-required\" name=\"wpforms[fields][1][last]\" required><label for=\"wpforms-2132-field_1-last\" class=\"wpforms-field-sublabel after\">Apellidos<\/label><\/div><\/div><\/div><div id=\"wpforms-2132-field_2-container\" class=\"wpforms-field wpforms-field-email\" data-field-id=\"2\"><label class=\"wpforms-field-label\" for=\"wpforms-2132-field_2\">Correo electr\u00f3nico <span class=\"wpforms-required-label\">*<\/span><\/label><input type=\"email\" id=\"wpforms-2132-field_2\" class=\"wpforms-field-medium wpforms-field-required\" name=\"wpforms[fields][2]\" spellcheck=\"false\" required><\/div><div id=\"wpforms-2132-field_4-container\" class=\"wpforms-field wpforms-field-text\" data-field-id=\"4\"><label class=\"wpforms-field-label\" for=\"wpforms-2132-field_4\">Ciudad \/ Estado <span class=\"wpforms-required-label\">*<\/span><\/label><input type=\"text\" id=\"wpforms-2132-field_4\" class=\"wpforms-field-medium wpforms-field-required\" name=\"wpforms[fields][4]\" required><\/div><div id=\"wpforms-2132-field_3-container\" class=\"wpforms-field wpforms-field-number\" data-field-id=\"3\"><label class=\"wpforms-field-label\" for=\"wpforms-2132-field_3\">Telefono <span class=\"wpforms-required-label\">*<\/span><\/label><input type=\"number\" id=\"wpforms-2132-field_3\" class=\"wpforms-field-medium wpforms-field-required\" name=\"wpforms[fields][3]\" step=\"any\" required><\/div><div id=\"wpforms-2132-field_5-container\" class=\"wpforms-field wpforms-field-text\" data-field-id=\"5\"><label class=\"wpforms-field-label\" for=\"wpforms-2132-field_5\">Empresa \/ Constructora <\/label><input type=\"text\" id=\"wpforms-2132-field_5\" class=\"wpforms-field-medium\" name=\"wpforms[fields][5]\" ><\/div><\/div><!-- .wpforms-field-container --><div class=\"wpforms-submit-container\" ><input type=\"hidden\" name=\"wpforms[id]\" value=\"2132\"><input type=\"hidden\" name=\"page_title\" value=\"\"><input type=\"hidden\" name=\"page_url\" value=\"https:\/\/dundunmexico.com\/inicio\/wp-json\/wp\/v2\/pages\/501\"><input type=\"hidden\" name=\"url_referer\" value=\"\"><button type=\"submit\" name=\"wpforms[submit]\" id=\"wpforms-submit-2132\" class=\"wpforms-submit\" data-alt-text=\"Enviando...\" data-submit-text=\"Enviar\" aria-live=\"assertive\" value=\"wpforms-submit\">Enviar<\/button><img loading=\"lazy\" decoding=\"async\" src=\"https:\/\/dundunmexico.com\/wp-content\/plugins\/wpforms-lite\/assets\/images\/submit-spin.svg\" class=\"wpforms-submit-spinner\" style=\"display: none;\" width=\"26\" height=\"26\" alt=\"Cargando\"><\/div><\/form><\/div>  <!-- .wpforms-container --><\/div>\n\n\n\n<div class=\"wp-block-uagb-info-box uagb-block-f555624e uagb-infobox__content-wrap  uagb-infobox-icon-above-title uagb-infobox-image-valign-top\"><div class=\"uagb-ifb-content\"><div class=\"uagb-ifb-title-wrap\"><\/div><div class=\"uagb-ifb-separator\"><\/div><\/div><\/div>\n\n\n\n<div class=\"wp-block-uagb-info-box uagb-block-d5ea1786 uagb-infobox__content-wrap  uagb-infobox-icon-above-title uagb-infobox-image-valign-top\"><div class=\"uagb-ifb-content\"><div class=\"uagb-ifb-title-wrap\"><\/div><div class=\"uagb-ifb-separator\"><\/div><\/div><\/div>\n<\/div><\/div>\n","protected":false},"excerpt":{"rendered":"<p>Cont\u00c1CTANOS Matriz de Distribuci\u00f3n Contacto Directo L\u00e9on &#8211; CEDIS Direcci\u00f3n: Camino de la presa 1004, bodega 6, Col. La Herradura 37170 Le\u00f3n, M\u00e9xico Tel\u00e9fonos: +52 (477) 755 0404+52 (477) 737 8999 Email: contacto@dundunmexico.comrvazquez@dundunmexico.com Agenda una demostraci\u00f3n de productosin costo.<\/p>\n","protected":false},"author":1,"featured_media":0,"parent":0,"menu_order":0,"comment_status":"closed","ping_status":"closed","template":"","meta":{"_uag_custom_page_level_css":"","_monsterinsights_skip_tracking":false,"_monsterinsights_sitenote_active":false,"_monsterinsights_sitenote_note":"","_monsterinsights_sitenote_category":0,"site-sidebar-layout":"no-sidebar","site-content-layout":"plain-container","ast-site-content-layout":"normal-width-container","site-content-style":"unboxed","site-sidebar-style":"unboxed","ast-global-header-display":"","ast-banner-title-visibility":"","ast-main-header-display":"","ast-hfb-above-header-display":"","ast-hfb-below-header-display":"","ast-hfb-mobile-header-display":"","site-post-title":"disabled","ast-breadcrumbs-content":"","ast-featured-img":"disabled","footer-sml-layout":"","ast-disable-related-posts":"","theme-transparent-header-meta":"enabled","adv-header-id-meta":"","stick-header-meta":"","header-above-stick-meta":"","header-main-stick-meta":"","header-below-stick-meta":"","astra-migrate-meta-layouts":"set","ast-page-background-enabled":"default","ast-page-background-meta":{"desktop":{"background-color":"var(--ast-global-color-5)","background-image":"","background-repeat":"repeat","background-position":"center center","background-size":"auto","background-attachment":"scroll","background-type":"","background-media":"","overlay-type":"","overlay-color":"","overlay-opacity":"","overlay-gradient":""},"tablet":{"background-color":"","background-image":"","background-repeat":"repeat","background-position":"center center","background-size":"auto","background-attachment":"scroll","background-type":"","background-media":"","overlay-type":"","overlay-color":"","overlay-opacity":"","overlay-gradient":""},"mobile":{"background-color":"","background-image":"","background-repeat":"repeat","background-position":"center center","background-size":"auto","background-attachment":"scroll","background-type":"","background-media":"","overlay-type":"","overlay-color":"","overlay-opacity":"","overlay-gradient":""}},"ast-content-background-meta":{"desktop":{"background-color":"var(--ast-global-color-4)","background-image":"","background-repeat":"repeat","background-position":"center center","background-size":"auto","background-attachment":"scroll","background-type":"","background-media":"","overlay-type":"","overlay-color":"","overlay-opacity":"","overlay-gradient":""},"tablet":{"background-color":"var(--ast-global-color-4)","background-image":"","background-repeat":"repeat","background-position":"center center","background-size":"auto","background-attachment":"scroll","background-type":"","background-media":"","overlay-type":"","overlay-color":"","overlay-opacity":"","overlay-gradient":""},"mobile":{"background-color":"var(--ast-global-color-4)","background-image":"","background-repeat":"repeat","background-position":"center center","background-size":"auto","background-attachment":"scroll","background-type":"","background-media":"","overlay-type":"","overlay-color":"","overlay-opacity":"","overlay-gradient":""}},"footnotes":""},"class_list":["post-501","page","type-page","status-publish","hentry"],"aioseo_notices":[],"uagb_featured_image_src":{"full":false,"thumbnail":false,"medium":false,"medium_large":false,"large":false,"1536x1536":false,"2048x2048":false},"uagb_author_info":{"display_name":"dundunmexico.com","author_link":"https:\/\/dundunmexico.com\/inicio\/author\/dundunmexico-com\/"},"uagb_comment_info":0,"uagb_excerpt":"Cont\u00c1CTANOS Matriz de Distribuci\u00f3n Contacto Directo L\u00e9on &#8211; CEDIS Direcci\u00f3n: Camino de la presa 1004, bodega 6, Col. La Herradura 37170 Le\u00f3n, M\u00e9xico Tel\u00e9fonos: +52 (477) 755 0404+52 (477) 737 8999 Email: contacto@dundunmexico.comrvazquez@dundunmexico.com Agenda una demostraci\u00f3n de productosin costo.","_links":{"self":[{"href":"https:\/\/dundunmexico.com\/inicio\/wp-json\/wp\/v2\/pages\/501"}],"collection":[{"href":"https:\/\/dundunmexico.com\/inicio\/wp-json\/wp\/v2\/pages"}],"about":[{"href":"https:\/\/dundunmexico.com\/inicio\/wp-json\/wp\/v2\/types\/page"}],"author":[{"embeddable":true,"href":"https:\/\/dundunmexico.com\/inicio\/wp-json\/wp\/v2\/users\/1"}],"replies":[{"embeddable":true,"href":"https:\/\/dundunmexico.com\/inicio\/wp-json\/wp\/v2\/comments?post=501"}],"version-history":[{"count":16,"href":"https:\/\/dundunmexico.com\/inicio\/wp-json\/wp\/v2\/pages\/501\/revisions"}],"predecessor-version":[{"id":2140,"href":"https:\/\/dundunmexico.com\/inicio\/wp-json\/wp\/v2\/pages\/501\/revisions\/2140"}],"wp:attachment":[{"href":"https:\/\/dundunmexico.com\/inicio\/wp-json\/wp\/v2\/media?parent=501"}],"curies":[{"name":"wp","href":"https:\/\/api.w.org\/{rel}","templated":true}]}}