{"id":495,"date":"2022-02-21T12:43:39","date_gmt":"2022-02-21T12:43:39","guid":{"rendered":"https:\/\/dundunmexico.com\/projects\/"},"modified":"2024-06-20T18:05:36","modified_gmt":"2024-06-20T18:05:36","slug":"producto","status":"publish","type":"page","link":"https:\/\/dundunmexico.com\/inicio\/producto\/","title":{"rendered":"Producto"},"content":{"rendered":"\n<div class=\"wp-block-uagb-container uagb-block-5451af51 alignfull uagb-is-root-container\"><div class=\"uagb-container-inner-blocks-wrap\">\n<div class=\"wp-block-uagb-advanced-heading uagb-block-f45ed1f8\"><h1 class=\"uagb-heading-text\">Dundun<\/h1><\/div>\n\n\n\n<div class=\"wp-block-uagb-image uagb-block-e28a49bb wp-block-uagb-image--layout-default wp-block-uagb-image--effect-static wp-block-uagb-image--align-none\"><figure class=\"wp-block-uagb-image__figure\"><img decoding=\"async\" srcset=\"https:\/\/dundunmexico.com\/wp-content\/uploads\/2024\/06\/PRODUCTO-DICTAMINADO-negro1-903x1024.png ,https:\/\/dundunmexico.com\/wp-content\/uploads\/2024\/06\/PRODUCTO-DICTAMINADO-negro1.png 780w, https:\/\/dundunmexico.com\/wp-content\/uploads\/2024\/06\/PRODUCTO-DICTAMINADO-negro1.png 360w\" sizes=\"(max-width: 480px) 150px\" src=\"https:\/\/dundunmexico.com\/wp-content\/uploads\/2024\/06\/PRODUCTO-DICTAMINADO-negro1-903x1024.png\" alt=\"\" class=\"uag-image-2121\" width=\"270\" height=\"306\" title=\"PRODUCTO-DICTAMINADO-negro1\" loading=\"lazy\" role=\"img\"\/><\/figure><\/div>\n<\/div><\/div>\n\n\n\n<div class=\"wp-block-uagb-container uagb-block-52be6acf alignfull uagb-is-root-container\"><div class=\"uagb-container-inner-blocks-wrap\">\n<div class=\"wp-block-uagb-advanced-heading uagb-block-a0199331\"><h3 class=\"uagb-heading-text\">Construye sin mezcla<\/h3><\/div>\n\n\n\n<div class=\"wp-block-uagb-advanced-heading uagb-block-e302b4d8\"><h2 class=\"uagb-heading-text\">Con Massa DunDun<\/h2><\/div>\n<\/div><\/div>\n\n\n\n<div class=\"wp-block-uagb-container uagb-block-cd1b7025 alignfull uagb-is-root-container\">\n<div class=\"wp-block-uagb-container uagb-block-ab87dd60\">\n<div class=\"wp-block-uagb-container uagb-block-73b91a0c\">\n<div class=\"wp-block-uagb-advanced-heading uagb-block-a3c42c7a\"><h3 class=\"uagb-heading-text\">LLEVA LA CONSTRUCCI\u00d3N AL<\/h3><\/div>\n\n\n\n<div class=\"wp-block-uagb-advanced-heading uagb-block-19bc6100\"><h2 class=\"uagb-heading-text\">SIGUIENTE NIVEL<\/h2><p class=\"uagb-desc-text\">Remplaza el mortero tradicional por DunDun<\/p><\/div>\n<\/div>\n\n\n\n<div class=\"wp-block-uagb-image uagb-block-4377a5e8 wp-block-uagb-image--layout-default wp-block-uagb-image--effect-static wp-block-uagb-image--align-none\"><figure class=\"wp-block-uagb-image__figure\"><img decoding=\"async\" srcset=\"https:\/\/dundunmexico.com\/wp-content\/uploads\/2024\/06\/HOJA2-1-e1718211008854-1024x631.jpg ,https:\/\/dundunmexico.com\/wp-content\/uploads\/2024\/06\/HOJA2-1-e1718211008854.jpg 780w, https:\/\/dundunmexico.com\/wp-content\/uploads\/2024\/06\/HOJA2-1-e1718211008854.jpg 360w\" sizes=\"(max-width: 480px) 150px\" src=\"https:\/\/dundunmexico.com\/wp-content\/uploads\/2024\/06\/HOJA2-1-e1718211008854-1024x631.jpg\" alt=\"\" class=\"uag-image-1891\" width=\"625\" height=\"385\" title=\"HOJA2-1\" loading=\"lazy\" role=\"img\"\/><\/figure><\/div>\n<\/div>\n<\/div>\n\n\n\n<div class=\"wp-block-uagb-container uagb-block-9ef75f03 alignfull uagb-is-root-container\">\n<div class=\"wp-block-uagb-image uagb-block-34de8b63 wp-block-uagb-image--layout-default wp-block-uagb-image--effect-static wp-block-uagb-image--align-none\"><figure class=\"wp-block-uagb-image__figure\"><img decoding=\"async\" srcset=\"https:\/\/dundunmexico.com\/wp-content\/uploads\/2024\/06\/7-scaled.jpg ,https:\/\/dundunmexico.com\/wp-content\/uploads\/2024\/06\/7-scaled.jpg 780w, https:\/\/dundunmexico.com\/wp-content\/uploads\/2024\/06\/7-scaled.jpg 360w\" sizes=\"(max-width: 480px) 150px\" src=\"https:\/\/dundunmexico.com\/wp-content\/uploads\/2024\/06\/7-scaled.jpg\" alt=\"\" class=\"uag-image-1899\" width=\"2560\" height=\"1331\" title=\"7\" loading=\"lazy\" role=\"img\"\/><\/figure><\/div>\n<\/div>\n\n\n\n<div class=\"wp-block-uagb-container uagb-block-7bb73250 alignfull uagb-is-root-container\">\n<div class=\"wp-block-uagb-advanced-heading uagb-block-e292b594\"><h2 class=\"uagb-heading-text\">CONSTRUYE EN 3 PASOS<\/h2><div class=\"uagb-separator\"><\/div><p class=\"uagb-desc-text\">Al usar DunDun asentar\u00e1s hasta 20m2 por d\u00eda, esto permite optimizar el recurso humano. Trabaja con una mano de obra m\u00e1s eficiente y reduce los tiempos de construcci\u00f3n en un porcentaje considerable en cada proyecto.<\/p><\/div>\n<\/div>\n\n\n\n<div class=\"wp-block-uagb-container uagb-block-dad331dc alignfull uagb-is-root-container\"><div class=\"uagb-container-inner-blocks-wrap\">\n<div class=\"wp-block-uagb-container uagb-block-b0f652c3\">\n<div class=\"wp-block-uagb-advanced-heading uagb-block-3c3f5e47\"><h2 class=\"uagb-heading-text\">Abre<\/h2><\/div>\n\n\n\n<div class=\"wp-block-uagb-image uagb-block-426d8f53 wp-block-uagb-image--layout-default wp-block-uagb-image--effect-static wp-block-uagb-image--align-none\"><figure class=\"wp-block-uagb-image__figure\"><img decoding=\"async\" srcset=\"https:\/\/dundunmexico.com\/wp-content\/uploads\/2024\/06\/abre-1.png ,https:\/\/dundunmexico.com\/wp-content\/uploads\/2024\/06\/abre-1.png 780w, https:\/\/dundunmexico.com\/wp-content\/uploads\/2024\/06\/abre-1.png 360w\" sizes=\"(max-width: 480px) 150px\" src=\"https:\/\/dundunmexico.com\/wp-content\/uploads\/2024\/06\/abre-1.png\" alt=\"\" class=\"uag-image-1939\" width=\"1024\" height=\"1024\" title=\"abre\" loading=\"lazy\" role=\"img\"\/><\/figure><\/div>\n\n\n\n<div class=\"wp-block-uagb-info-box uagb-block-b2f041bb uagb-infobox__content-wrap  uagb-infobox-icon-above-title uagb-infobox-image-valign-top\"><div class=\"uagb-ifb-content\"><div class=\"uagb-ifb-icon-wrap\"><svg xmlns=\"https:\/\/www.w3.org\/2000\/svg\" viewBox=\"0 0 448 512\"><path d=\"M224 416c-8.188 0-16.38-3.125-22.62-9.375l-192-192c-12.5-12.5-12.5-32.75 0-45.25s32.75-12.5 45.25 0L224 338.8l169.4-169.4c12.5-12.5 32.75-12.5 45.25 0s12.5 32.75 0 45.25l-192 192C240.4 412.9 232.2 416 224 416z\"><\/path><\/svg><\/div><div class=\"uagb-ifb-title-wrap\"><\/div><p class=\"uagb-ifb-desc\">Realiza el corte de la bolsa de DunDun sobre la linea indicada.<\/p><\/div><\/div>\n<\/div>\n\n\n\n<div class=\"wp-block-uagb-container uagb-block-59e2d266\">\n<div class=\"wp-block-uagb-advanced-heading uagb-block-8189f726\"><h2 class=\"uagb-heading-text\">Aplica<\/h2><\/div>\n\n\n\n<div class=\"wp-block-uagb-image uagb-block-71fb7805 wp-block-uagb-image--layout-default wp-block-uagb-image--effect-static wp-block-uagb-image--align-none\"><figure class=\"wp-block-uagb-image__figure\"><img decoding=\"async\" srcset=\"https:\/\/dundunmexico.com\/wp-content\/uploads\/2024\/06\/aplica.png ,https:\/\/dundunmexico.com\/wp-content\/uploads\/2024\/06\/aplica.png 780w, https:\/\/dundunmexico.com\/wp-content\/uploads\/2024\/06\/aplica.png 360w\" sizes=\"(max-width: 480px) 150px\" src=\"https:\/\/dundunmexico.com\/wp-content\/uploads\/2024\/06\/aplica.png\" alt=\"\" class=\"uag-image-1943\" width=\"1000\" height=\"1000\" title=\"aplica\" loading=\"lazy\" role=\"img\"\/><\/figure><\/div>\n\n\n\n<div class=\"wp-block-uagb-info-box uagb-block-8d68e446 uagb-infobox__content-wrap  uagb-infobox-icon-above-title uagb-infobox-image-valign-top\"><div class=\"uagb-ifb-content\"><div class=\"uagb-ifb-icon-wrap\"><svg xmlns=\"https:\/\/www.w3.org\/2000\/svg\" viewBox=\"0 0 448 512\"><path d=\"M224 416c-8.188 0-16.38-3.125-22.62-9.375l-192-192c-12.5-12.5-12.5-32.75 0-45.25s32.75-12.5 45.25 0L224 338.8l169.4-169.4c12.5-12.5 32.75-12.5 45.25 0s12.5 32.75 0 45.25l-192 192C240.4 412.9 232.2 416 224 416z\"><\/path><\/svg><\/div><div class=\"uagb-ifb-title-wrap\"><\/div><p class=\"uagb-ifb-desc\">Aplica dos lineas de DunDun en las juntas verticales y horizontales.<\/p><\/div><\/div>\n<\/div>\n\n\n\n<div class=\"wp-block-uagb-container uagb-block-44394d70\">\n<div class=\"wp-block-uagb-advanced-heading uagb-block-ae643450\"><h2 class=\"uagb-heading-text\">Pega<\/h2><\/div>\n\n\n\n<div class=\"wp-block-uagb-image uagb-block-6dde5e25 wp-block-uagb-image--layout-default wp-block-uagb-image--effect-static wp-block-uagb-image--align-none\"><figure class=\"wp-block-uagb-image__figure\"><img decoding=\"async\" srcset=\"https:\/\/dundunmexico.com\/wp-content\/uploads\/2024\/06\/pega.png ,https:\/\/dundunmexico.com\/wp-content\/uploads\/2024\/06\/pega.png 780w, https:\/\/dundunmexico.com\/wp-content\/uploads\/2024\/06\/pega.png 360w\" sizes=\"(max-width: 480px) 150px\" src=\"https:\/\/dundunmexico.com\/wp-content\/uploads\/2024\/06\/pega.png\" alt=\"\" class=\"uag-image-1949\" width=\"1000\" height=\"1000\" title=\"pega\" loading=\"lazy\" role=\"img\"\/><\/figure><\/div>\n\n\n\n<div class=\"wp-block-uagb-info-box uagb-block-a20ffa93 uagb-infobox__content-wrap  uagb-infobox-icon-above-title uagb-infobox-image-valign-top\"><div class=\"uagb-ifb-content\"><div class=\"uagb-ifb-icon-wrap\"><svg xmlns=\"https:\/\/www.w3.org\/2000\/svg\" viewBox=\"0 0 448 512\"><path d=\"M224 416c-8.188 0-16.38-3.125-22.62-9.375l-192-192c-12.5-12.5-12.5-32.75 0-45.25s32.75-12.5 45.25 0L224 338.8l169.4-169.4c12.5-12.5 32.75-12.5 45.25 0s12.5 32.75 0 45.25l-192 192C240.4 412.9 232.2 416 224 416z\"><\/path><\/svg><\/div><div class=\"uagb-ifb-title-wrap\"><\/div><p class=\"uagb-ifb-desc\">Pega la pieza correspondiente y asegurate que el nivel este correcto.<\/p><\/div><\/div>\n<\/div>\n<\/div><\/div>\n\n\n\n<div class=\"wp-block-uagb-container uagb-block-8c902a26 alignfull uagb-is-root-container\"><div class=\"uagb-container-inner-blocks-wrap\">\n<div class=\"wp-block-uagb-advanced-heading uagb-block-0d0b55bb\"><h3 class=\"uagb-heading-text\">Hazlo sin mezcla<\/h3><\/div>\n\n\n\n<div class=\"wp-block-uagb-advanced-heading uagb-block-1c15147d\"><h2 class=\"uagb-heading-text\">\u00bfDonde usar Massa DunDun?<\/h2><\/div>\n<\/div><\/div>\n\n\n\n<div class=\"wp-block-uagb-container uagb-block-c7a0b1b9 alignfull uagb-is-root-container\"><div class=\"uagb-container-inner-blocks-wrap\">\n<div class=\"wp-block-uagb-image uagb-block-1d0b1234 wp-block-uagb-image--layout-default wp-block-uagb-image--effect-static wp-block-uagb-image--align-none\"><figure class=\"wp-block-uagb-image__figure\"><img decoding=\"async\" srcset=\"https:\/\/dundunmexico.com\/wp-content\/uploads\/2024\/06\/donde-isar.jpg ,https:\/\/dundunmexico.com\/wp-content\/uploads\/2024\/06\/donde-isar.jpg 780w, https:\/\/dundunmexico.com\/wp-content\/uploads\/2024\/06\/donde-isar.jpg 360w\" sizes=\"(max-width: 480px) 150px\" src=\"https:\/\/dundunmexico.com\/wp-content\/uploads\/2024\/06\/donde-isar.jpg\" alt=\"\" class=\"uag-image-2123\" width=\"709\" height=\"611\" title=\"donde-usar\" loading=\"lazy\" role=\"img\"\/><\/figure><\/div>\n<\/div><\/div>\n\n\n\n<div class=\"wp-block-uagb-container uagb-block-001c1947 alignfull uagb-is-root-container\"><div class=\"uagb-container-inner-blocks-wrap\">\n<div class=\"wp-block-uagb-advanced-heading uagb-block-92a80001\"><h3 class=\"uagb-heading-text\">CONSTRUYAMOS JUNTOS<\/h3><\/div>\n\n\n\n<div class=\"wp-block-uagb-advanced-heading uagb-block-bf98fd51\"><h2 class=\"uagb-heading-text\">Clientes Destacados<\/h2><\/div>\n\n\n\n<div class=\"wp-block-uagb-container uagb-block-fd70da03\">\n<div class=\"wp-block-uagb-container uagb-block-94653549\">\n<div class=\"wp-block-uagb-image aligncenter uagb-block-15b20683 wp-block-uagb-image--layout-default wp-block-uagb-image--effect-static wp-block-uagb-image--align-center\"><figure class=\"wp-block-uagb-image__figure\"><img decoding=\"async\" srcset=\"https:\/\/dundunmexico.com\/wp-content\/uploads\/2024\/06\/treo-1.png ,https:\/\/dundunmexico.com\/wp-content\/uploads\/2024\/06\/treo-1.png 780w, https:\/\/dundunmexico.com\/wp-content\/uploads\/2024\/06\/treo-1.png 360w\" sizes=\"(max-width: 480px) 150px\" src=\"https:\/\/dundunmexico.com\/wp-content\/uploads\/2024\/06\/treo-1.png\" alt=\"\" class=\"uag-image-1947\" width=\"194\" height=\"52\" title=\"treo\" loading=\"lazy\" role=\"img\"\/><\/figure><\/div>\n<\/div>\n<\/div>\n<\/div><\/div>\n","protected":false},"excerpt":{"rendered":"<p>Dundun Construye sin mezcla Con Massa DunDun LLEVA LA CONSTRUCCI\u00d3N AL SIGUIENTE NIVEL Remplaza el mortero tradicional por DunDun CONSTRUYE EN 3 PASOS Al usar DunDun asentar\u00e1s hasta 20m2 por d\u00eda, esto permite optimizar el recurso humano. Trabaja con una mano de obra m\u00e1s eficiente y reduce los tiempos de construcci\u00f3n en un porcentaje considerable [&hellip;]<\/p>\n","protected":false},"author":1,"featured_media":0,"parent":0,"menu_order":0,"comment_status":"closed","ping_status":"closed","template":"","meta":{"_uag_custom_page_level_css":"","_monsterinsights_skip_tracking":false,"_monsterinsights_sitenote_active":false,"_monsterinsights_sitenote_note":"","_monsterinsights_sitenote_category":0,"site-sidebar-layout":"no-sidebar","site-content-layout":"plain-container","ast-site-content-layout":"normal-width-container","site-content-style":"unboxed","site-sidebar-style":"unboxed","ast-global-header-display":"","ast-banner-title-visibility":"","ast-main-header-display":"","ast-hfb-above-header-display":"","ast-hfb-below-header-display":"","ast-hfb-mobile-header-display":"","site-post-title":"disabled","ast-breadcrumbs-content":"","ast-featured-img":"disabled","footer-sml-layout":"","ast-disable-related-posts":"","theme-transparent-header-meta":"enabled","adv-header-id-meta":"","stick-header-meta":"","header-above-stick-meta":"","header-main-stick-meta":"","header-below-stick-meta":"","astra-migrate-meta-layouts":"set","ast-page-background-enabled":"default","ast-page-background-meta":{"desktop":{"background-color":"var(--ast-global-color-5)","background-image":"","background-repeat":"repeat","background-position":"center center","background-size":"auto","background-attachment":"scroll","background-type":"","background-media":"","overlay-type":"","overlay-color":"","overlay-opacity":"","overlay-gradient":""},"tablet":{"background-color":"","background-image":"","background-repeat":"repeat","background-position":"center center","background-size":"auto","background-attachment":"scroll","background-type":"","background-media":"","overlay-type":"","overlay-color":"","overlay-opacity":"","overlay-gradient":""},"mobile":{"background-color":"","background-image":"","background-repeat":"repeat","background-position":"center center","background-size":"auto","background-attachment":"scroll","background-type":"","background-media":"","overlay-type":"","overlay-color":"","overlay-opacity":"","overlay-gradient":""}},"ast-content-background-meta":{"desktop":{"background-color":"var(--ast-global-color-4)","background-image":"","background-repeat":"repeat","background-position":"center center","background-size":"auto","background-attachment":"scroll","background-type":"","background-media":"","overlay-type":"","overlay-color":"","overlay-opacity":"","overlay-gradient":""},"tablet":{"background-color":"var(--ast-global-color-4)","background-image":"","background-repeat":"repeat","background-position":"center center","background-size":"auto","background-attachment":"scroll","background-type":"","background-media":"","overlay-type":"","overlay-color":"","overlay-opacity":"","overlay-gradient":""},"mobile":{"background-color":"var(--ast-global-color-4)","background-image":"","background-repeat":"repeat","background-position":"center center","background-size":"auto","background-attachment":"scroll","background-type":"","background-media":"","overlay-type":"","overlay-color":"","overlay-opacity":"","overlay-gradient":""}},"footnotes":""},"class_list":["post-495","page","type-page","status-publish","hentry"],"aioseo_notices":[],"uagb_featured_image_src":{"full":false,"thumbnail":false,"medium":false,"medium_large":false,"large":false,"1536x1536":false,"2048x2048":false},"uagb_author_info":{"display_name":"dundunmexico.com","author_link":"https:\/\/dundunmexico.com\/inicio\/author\/dundunmexico-com\/"},"uagb_comment_info":0,"uagb_excerpt":"Dundun Construye sin mezcla Con Massa DunDun LLEVA LA CONSTRUCCI\u00d3N AL SIGUIENTE NIVEL Remplaza el mortero tradicional por DunDun CONSTRUYE EN 3 PASOS Al usar DunDun asentar\u00e1s hasta 20m2 por d\u00eda, esto permite optimizar el recurso humano. Trabaja con una mano de obra m\u00e1s eficiente y reduce los tiempos de construcci\u00f3n en un porcentaje considerable&hellip;","_links":{"self":[{"href":"https:\/\/dundunmexico.com\/inicio\/wp-json\/wp\/v2\/pages\/495"}],"collection":[{"href":"https:\/\/dundunmexico.com\/inicio\/wp-json\/wp\/v2\/pages"}],"about":[{"href":"https:\/\/dundunmexico.com\/inicio\/wp-json\/wp\/v2\/types\/page"}],"author":[{"embeddable":true,"href":"https:\/\/dundunmexico.com\/inicio\/wp-json\/wp\/v2\/users\/1"}],"replies":[{"embeddable":true,"href":"https:\/\/dundunmexico.com\/inicio\/wp-json\/wp\/v2\/comments?post=495"}],"version-history":[{"count":68,"href":"https:\/\/dundunmexico.com\/inicio\/wp-json\/wp\/v2\/pages\/495\/revisions"}],"predecessor-version":[{"id":2125,"href":"https:\/\/dundunmexico.com\/inicio\/wp-json\/wp\/v2\/pages\/495\/revisions\/2125"}],"wp:attachment":[{"href":"https:\/\/dundunmexico.com\/inicio\/wp-json\/wp\/v2\/media?parent=495"}],"curies":[{"name":"wp","href":"https:\/\/api.w.org\/{rel}","templated":true}]}}